{"id":1953,"date":"2025-07-23T10:48:13","date_gmt":"2025-07-23T10:48:13","guid":{"rendered":"https:\/\/horusagro.com.py\/fr\/?page_id=1953"},"modified":"2025-07-23T10:57:24","modified_gmt":"2025-07-23T10:57:24","slug":"fertilizantes","status":"publish","type":"page","link":"https:\/\/horusagro.com.py\/fr\/fertilizantes\/","title":{"rendered":"Fertilizantes"},"content":{"rendered":"\t\t<div data-elementor-type=\"wp-page\" data-elementor-id=\"1953\" class=\"elementor elementor-1953\" data-elementor-settings=\"{&quot;ha_cmc_init_switcher&quot;:&quot;no&quot;}\" data-elementor-post-type=\"page\">\n\t\t\t\t\t\t<section class=\"elementor-section elementor-top-section elementor-element elementor-element-12fddd76 elementor-section-boxed elementor-section-height-default elementor-section-height-default\" data-id=\"12fddd76\" data-element_type=\"section\" data-settings=\"{&quot;background_background&quot;:&quot;classic&quot;,&quot;_ha_eqh_enable&quot;:false}\">\n\t\t\t\t\t\t\t<div class=\"elementor-background-overlay\"><\/div>\n\t\t\t\t\t\t\t<div class=\"elementor-container elementor-column-gap-default\">\n\t\t\t\t\t<div class=\"elementor-column elementor-col-100 elementor-top-column elementor-element elementor-element-3e17b5bb\" data-id=\"3e17b5bb\" data-element_type=\"column\">\n\t\t\t<div class=\"elementor-widget-wrap elementor-element-populated\">\n\t\t\t\t\t\t<div class=\"elementor-element elementor-element-57a4f81 elementor-widget__width-initial elementor-widget elementor-widget-heading\" data-id=\"57a4f81\" data-element_type=\"widget\" data-widget_type=\"heading.default\">\n\t\t\t\t<div class=\"elementor-widget-container\">\n\t\t\t\t\t<h2 class=\"elementor-heading-title elementor-size-default\">Horus Bio<\/h2>\t\t\t\t<\/div>\n\t\t\t\t<\/div>\n\t\t\t\t<div class=\"elementor-element elementor-element-23032dc6 elementor-widget elementor-widget-heading\" data-id=\"23032dc6\" data-element_type=\"widget\" data-widget_type=\"heading.default\">\n\t\t\t\t<div class=\"elementor-widget-container\">\n\t\t\t\t\t<h1 class=\"elementor-heading-title elementor-size-default\">Engrais<\/h1>\t\t\t\t<\/div>\n\t\t\t\t<\/div>\n\t\t\t\t\t<\/div>\n\t\t<\/div>\n\t\t\t\t\t<\/div>\n\t\t<\/section>\n\t\t\t\t<section class=\"elementor-section elementor-top-section elementor-element elementor-element-925b8e2 elementor-section-boxed elementor-section-height-default elementor-section-height-default\" data-id=\"925b8e2\" data-element_type=\"section\" data-settings=\"{&quot;background_background&quot;:&quot;classic&quot;,&quot;_ha_eqh_enable&quot;:false}\">\n\t\t\t\t\t\t<div class=\"elementor-container elementor-column-gap-default\">\n\t\t\t\t\t<div class=\"elementor-column elementor-col-100 elementor-top-column elementor-element elementor-element-92234a3\" data-id=\"92234a3\" data-element_type=\"column\">\n\t\t\t<div class=\"elementor-widget-wrap elementor-element-populated\">\n\t\t\t\t\t\t<section class=\"elementor-section elementor-inner-section elementor-element elementor-element-2c7b886f elementor-section-boxed elementor-section-height-default elementor-section-height-default\" data-id=\"2c7b886f\" data-element_type=\"section\" data-settings=\"{&quot;_ha_eqh_enable&quot;:false}\">\n\t\t\t\t\t\t<div class=\"elementor-container elementor-column-gap-default\">\n\t\t\t\t\t<section class=\"elementor-column elementor-col-50 elementor-inner-column elementor-element elementor-element-6752e661\" data-id=\"6752e661\" data-element_type=\"column\">\n\t\t\t<div class=\"elementor-widget-wrap elementor-element-populated\">\n\t\t\t\t\t<div class=\"elementor-background-overlay\"><\/div>\n\t\t\t\t\t\t<div class=\"elementor-element elementor-element-295365ed elementor-widget elementor-widget-image\" data-id=\"295365ed\" data-element_type=\"widget\" data-widget_type=\"image.default\">\n\t\t\t\t<div class=\"elementor-widget-container\">\n\t\t\t\t\t\t\t\t\t\t\t\t\t\t\t<img fetchpriority=\"high\" decoding=\"async\" width=\"600\" height=\"134\" src=\"https:\/\/horusagro.com.py\/fr\/wp-content\/uploads\/2025\/07\/FR_Zn-B.png\" class=\"attachment-full size-full wp-image-1980\" alt=\"\" srcset=\"https:\/\/horusagro.com.py\/fr\/wp-content\/uploads\/2025\/07\/FR_Zn-B.png 600w, https:\/\/horusagro.com.py\/fr\/wp-content\/uploads\/2025\/07\/FR_Zn-B-300x67.png 300w\" sizes=\"(max-width: 600px) 100vw, 600px\" \/>\t\t\t\t\t\t\t\t\t\t\t\t\t\t\t<\/div>\n\t\t\t\t<\/div>\n\t\t\t\t\t<\/div>\n\t\t<\/section>\n\t\t\t\t<div class=\"elementor-column elementor-col-50 elementor-inner-column elementor-element elementor-element-77f78ddb\" data-id=\"77f78ddb\" data-element_type=\"column\">\n\t\t\t<div class=\"elementor-widget-wrap elementor-element-populated\">\n\t\t\t\t\t\t<div class=\"elementor-element elementor-element-5c207e0c elementor-widget elementor-widget-image\" data-id=\"5c207e0c\" data-element_type=\"widget\" data-widget_type=\"image.default\">\n\t\t\t\t<div class=\"elementor-widget-container\">\n\t\t\t\t\t\t\t\t\t\t\t\t\t\t\t\t<a href=\"http:\/\/max\">\n\t\t\t\t\t\t\t<img decoding=\"async\" width=\"500\" height=\"184\" src=\"https:\/\/horusagro.com.py\/fr\/wp-content\/uploads\/2025\/07\/HO-ZINC-1-1.png\" class=\"elementor-animation-shrink attachment-full size-full wp-image-1962\" alt=\"\" srcset=\"https:\/\/horusagro.com.py\/fr\/wp-content\/uploads\/2025\/07\/HO-ZINC-1-1.png 500w, https:\/\/horusagro.com.py\/fr\/wp-content\/uploads\/2025\/07\/HO-ZINC-1-1-300x110.png 300w\" sizes=\"(max-width: 500px) 100vw, 500px\" \/>\t\t\t\t\t\t\t\t<\/a>\n\t\t\t\t\t\t\t\t\t\t\t\t\t\t\t<\/div>\n\t\t\t\t<\/div>\n\t\t\t\t<div class=\"elementor-element elementor-element-54519aa0 elementor-widget elementor-widget-image\" data-id=\"54519aa0\" data-element_type=\"widget\" data-widget_type=\"image.default\">\n\t\t\t\t<div class=\"elementor-widget-container\">\n\t\t\t\t\t\t\t\t\t\t\t\t\t\t\t\t<a href=\"#bt\">\n\t\t\t\t\t\t\t<img decoding=\"async\" width=\"500\" height=\"184\" src=\"https:\/\/horusagro.com.py\/fr\/wp-content\/uploads\/2025\/07\/HO-BORO-1.png\" class=\"elementor-animation-shrink attachment-full size-full wp-image-1955\" alt=\"\" srcset=\"https:\/\/horusagro.com.py\/fr\/wp-content\/uploads\/2025\/07\/HO-BORO-1.png 500w, https:\/\/horusagro.com.py\/fr\/wp-content\/uploads\/2025\/07\/HO-BORO-1-300x110.png 300w\" sizes=\"(max-width: 500px) 100vw, 500px\" \/>\t\t\t\t\t\t\t\t<\/a>\n\t\t\t\t\t\t\t\t\t\t\t\t\t\t\t<\/div>\n\t\t\t\t<\/div>\n\t\t\t\t<div class=\"elementor-element elementor-element-5b5a6707 elementor-mobile-align-justify elementor-widget-mobile__width-inherit elementor-align-center elementor-widget elementor-widget-button\" data-id=\"5b5a6707\" data-element_type=\"widget\" data-widget_type=\"button.default\">\n\t\t\t\t<div class=\"elementor-widget-container\">\n\t\t\t\t\t\t\t\t\t<div class=\"elementor-button-wrapper\">\n\t\t\t\t\t<a class=\"elementor-button elementor-size-sm elementor-animation-wobble-vertical\" role=\"button\">\n\t\t\t\t\t\t<span class=\"elementor-button-content-wrapper\">\n\t\t\t\t\t\t\t\t\t<span class=\"elementor-button-text\">T\u00e9l\u00e9charger la brochure<\/span>\n\t\t\t\t\t<\/span>\n\t\t\t\t\t<\/a>\n\t\t\t\t<\/div>\n\t\t\t\t\t\t\t\t<\/div>\n\t\t\t\t<\/div>\n\t\t\t\t\t<\/div>\n\t\t<\/div>\n\t\t\t\t\t<\/div>\n\t\t<\/section>\n\t\t\t\t\t<\/div>\n\t\t<\/div>\n\t\t\t\t\t<\/div>\n\t\t<\/section>\n\t\t<div class=\"elementor-element elementor-element-605bd8d0 e-grid e-con-boxed e-con e-parent\" data-id=\"605bd8d0\" data-element_type=\"container\" data-settings=\"{&quot;_ha_eqh_enable&quot;:false}\">\n\t\t\t\t\t<div class=\"e-con-inner\">\n\t\t\t\t<div class=\"elementor-element elementor-element-5528bc5b elementor-widget elementor-widget-image\" data-id=\"5528bc5b\" data-element_type=\"widget\" data-widget_type=\"image.default\">\n\t\t\t\t<div class=\"elementor-widget-container\">\n\t\t\t\t\t\t\t\t\t\t\t\t\t\t\t<img loading=\"lazy\" decoding=\"async\" width=\"500\" height=\"184\" src=\"https:\/\/horusagro.com.py\/fr\/wp-content\/uploads\/2025\/07\/HO-ZINC-1-1.png\" class=\"attachment-large size-large wp-image-1962\" alt=\"\" srcset=\"https:\/\/horusagro.com.py\/fr\/wp-content\/uploads\/2025\/07\/HO-ZINC-1-1.png 500w, https:\/\/horusagro.com.py\/fr\/wp-content\/uploads\/2025\/07\/HO-ZINC-1-1-300x110.png 300w\" sizes=\"(max-width: 500px) 100vw, 500px\" \/>\t\t\t\t\t\t\t\t\t\t\t\t\t\t\t<\/div>\n\t\t\t\t<\/div>\n\t\t\t\t<div class=\"elementor-element elementor-element-98c4aec elementor-widget elementor-widget-image\" data-id=\"98c4aec\" data-element_type=\"widget\" data-widget_type=\"image.default\">\n\t\t\t\t<div class=\"elementor-widget-container\">\n\t\t\t\t\t\t\t\t\t\t\t\t\t\t\t<img loading=\"lazy\" decoding=\"async\" width=\"568\" height=\"627\" src=\"https:\/\/horusagro.com.py\/fr\/wp-content\/uploads\/2025\/07\/nuevo_portavejigaZInc.png\" class=\"attachment-large size-large wp-image-1966\" alt=\"\" srcset=\"https:\/\/horusagro.com.py\/fr\/wp-content\/uploads\/2025\/07\/nuevo_portavejigaZInc.png 568w, https:\/\/horusagro.com.py\/fr\/wp-content\/uploads\/2025\/07\/nuevo_portavejigaZInc-272x300.png 272w\" sizes=\"(max-width: 568px) 100vw, 568px\" \/>\t\t\t\t\t\t\t\t\t\t\t\t\t\t\t<\/div>\n\t\t\t\t<\/div>\n\t\t\t\t<div class=\"elementor-element elementor-element-1a236136 elementor-widget elementor-widget-text-editor\" data-id=\"1a236136\" data-element_type=\"widget\" data-widget_type=\"text-editor.default\">\n\t\t\t\t<div class=\"elementor-widget-container\">\n\t\t\t\t\t\t\t\t\t<h3>A\u00c0 base de sulfate de zinc <strong>heptahydrat\u00e9.<\/strong><br \/><strong>720 grammes de zinc assimilable.<\/strong><\/h3>\t\t\t\t\t\t\t\t<\/div>\n\t\t\t\t<\/div>\n\t\t\t\t\t<\/div>\n\t\t\t\t<\/div>\n\t\t<div class=\"elementor-element elementor-element-93213e2 e-grid e-con-boxed e-con e-parent\" data-id=\"93213e2\" data-element_type=\"container\" data-settings=\"{&quot;_ha_eqh_enable&quot;:false}\">\n\t\t\t\t\t<div class=\"e-con-inner\">\n\t\t\t\t<div class=\"elementor-element elementor-element-44e9ed5e elementor-widget elementor-widget-image\" data-id=\"44e9ed5e\" data-element_type=\"widget\" data-widget_type=\"image.default\">\n\t\t\t\t<div class=\"elementor-widget-container\">\n\t\t\t\t\t\t\t\t\t\t\t\t\t\t\t<img loading=\"lazy\" decoding=\"async\" width=\"500\" height=\"184\" src=\"https:\/\/horusagro.com.py\/fr\/wp-content\/uploads\/2025\/07\/HO-BORO-1.png\" class=\"attachment-large size-large wp-image-1955\" alt=\"\" srcset=\"https:\/\/horusagro.com.py\/fr\/wp-content\/uploads\/2025\/07\/HO-BORO-1.png 500w, https:\/\/horusagro.com.py\/fr\/wp-content\/uploads\/2025\/07\/HO-BORO-1-300x110.png 300w\" sizes=\"(max-width: 500px) 100vw, 500px\" \/>\t\t\t\t\t\t\t\t\t\t\t\t\t\t\t<\/div>\n\t\t\t\t<\/div>\n\t\t\t\t<div class=\"elementor-element elementor-element-745bb9ac elementor-widget elementor-widget-image\" data-id=\"745bb9ac\" data-element_type=\"widget\" data-widget_type=\"image.default\">\n\t\t\t\t<div class=\"elementor-widget-container\">\n\t\t\t\t\t\t\t\t\t\t\t\t\t\t\t<img loading=\"lazy\" decoding=\"async\" width=\"568\" height=\"627\" src=\"https:\/\/horusagro.com.py\/fr\/wp-content\/uploads\/2025\/07\/Nuevo-portavejigaBORO.png\" class=\"attachment-large size-large wp-image-1956\" alt=\"\" srcset=\"https:\/\/horusagro.com.py\/fr\/wp-content\/uploads\/2025\/07\/Nuevo-portavejigaBORO.png 568w, https:\/\/horusagro.com.py\/fr\/wp-content\/uploads\/2025\/07\/Nuevo-portavejigaBORO-272x300.png 272w\" sizes=\"(max-width: 568px) 100vw, 568px\" \/>\t\t\t\t\t\t\t\t\t\t\t\t\t\t\t<\/div>\n\t\t\t\t<\/div>\n\t\t\t\t<div class=\"elementor-element elementor-element-1773a3cf elementor-widget elementor-widget-text-editor\" data-id=\"1773a3cf\" data-element_type=\"widget\" data-widget_type=\"text-editor.default\">\n\t\t\t\t<div class=\"elementor-widget-container\">\n\t\t\t\t\t\t\t\t\t<h3>\u00c0 base d&#8217;acide borique.<br \/><strong>337,5 grammes de bore assimilable.<\/strong><\/h3>\t\t\t\t\t\t\t\t<\/div>\n\t\t\t\t<\/div>\n\t\t\t\t\t<\/div>\n\t\t\t\t<\/div>\n\t\t\t\t<\/div>\n\t\t","protected":false},"excerpt":{"rendered":"<p>Horus Bio Engrais T\u00e9l\u00e9charger la brochure A\u00c0 base de sulfate de zinc heptahydrat\u00e9.720 grammes de zinc assimilable. \u00c0 base d&#8217;acide borique.337,5 grammes de bore assimilable.<\/p>\n","protected":false},"author":6,"featured_media":0,"parent":0,"menu_order":0,"comment_status":"closed","ping_status":"closed","template":"","meta":{"site-sidebar-layout":"no-sidebar","site-content-layout":"page-builder","ast-site-content-layout":"full-width-container","site-content-style":"default","site-sidebar-style":"default","ast-global-header-display":"","ast-banner-title-visibility":"","ast-main-header-display":"","ast-hfb-above-header-display":"","ast-hfb-below-header-display":"","ast-hfb-mobile-header-display":"","site-post-title":"disabled","ast-breadcrumbs-content":"","ast-featured-img":"disabled","footer-sml-layout":"","theme-transparent-header-meta":"","adv-header-id-meta":"","stick-header-meta":"","header-above-stick-meta":"","header-main-stick-meta":"","header-below-stick-meta":"","astra-migrate-meta-layouts":"set","ast-page-background-enabled":"default","ast-page-background-meta":{"desktop":{"background-color":"var(--ast-global-color-4)","background-image":"","background-repeat":"repeat","background-position":"center center","background-size":"auto","background-attachment":"scroll","background-type":"","background-media":"","overlay-type":"","overlay-color":"","overlay-opacity":"","overlay-gradient":""},"tablet":{"background-color":"","background-image":"","background-repeat":"repeat","background-position":"center center","background-size":"auto","background-attachment":"scroll","background-type":"","background-media":"","overlay-type":"","overlay-color":"","overlay-opacity":"","overlay-gradient":""},"mobile":{"background-color":"","background-image":"","background-repeat":"repeat","background-position":"center center","background-size":"auto","background-attachment":"scroll","background-type":"","background-media":"","overlay-type":"","overlay-color":"","overlay-opacity":"","overlay-gradient":""}},"ast-content-background-meta":{"desktop":{"background-color":"var(--ast-global-color-5)","background-image":"","background-repeat":"repeat","background-position":"center center","background-size":"auto","background-attachment":"scroll","background-type":"","background-media":"","overlay-type":"","overlay-color":"","overlay-opacity":"","overlay-gradient":""},"tablet":{"background-color":"var(--ast-global-color-5)","background-image":"","background-repeat":"repeat","background-position":"center center","background-size":"auto","background-attachment":"scroll","background-type":"","background-media":"","overlay-type":"","overlay-color":"","overlay-opacity":"","overlay-gradient":""},"mobile":{"background-color":"var(--ast-global-color-5)","background-image":"","background-repeat":"repeat","background-position":"center center","background-size":"auto","background-attachment":"scroll","background-type":"","background-media":"","overlay-type":"","overlay-color":"","overlay-opacity":"","overlay-gradient":""}},"footnotes":""},"class_list":["post-1953","page","type-page","status-publish","hentry"],"_links":{"self":[{"href":"https:\/\/horusagro.com.py\/fr\/wp-json\/wp\/v2\/pages\/1953","targetHints":{"allow":["GET"]}}],"collection":[{"href":"https:\/\/horusagro.com.py\/fr\/wp-json\/wp\/v2\/pages"}],"about":[{"href":"https:\/\/horusagro.com.py\/fr\/wp-json\/wp\/v2\/types\/page"}],"author":[{"embeddable":true,"href":"https:\/\/horusagro.com.py\/fr\/wp-json\/wp\/v2\/users\/6"}],"replies":[{"embeddable":true,"href":"https:\/\/horusagro.com.py\/fr\/wp-json\/wp\/v2\/comments?post=1953"}],"version-history":[{"count":7,"href":"https:\/\/horusagro.com.py\/fr\/wp-json\/wp\/v2\/pages\/1953\/revisions"}],"predecessor-version":[{"id":1986,"href":"https:\/\/horusagro.com.py\/fr\/wp-json\/wp\/v2\/pages\/1953\/revisions\/1986"}],"wp:attachment":[{"href":"https:\/\/horusagro.com.py\/fr\/wp-json\/wp\/v2\/media?parent=1953"}],"curies":[{"name":"wp","href":"https:\/\/api.w.org\/{rel}","templated":true}]}}